{"id":341,"date":"2015-08-04T09:51:10","date_gmt":"2015-08-04T08:51:10","guid":{"rendered":"http:\/\/www.hotel-carlina.com\/?page_id=341"},"modified":"2023-05-20T15:10:17","modified_gmt":"2023-05-20T14:10:17","slug":"facilities","status":"publish","type":"page","link":"https:\/\/www.hotel-carlina.com\/en\/facilities\/","title":{"rendered":"Facilities"},"content":{"rendered":"<ul>\n<li>Non-smoking rooms<\/li>\n<li>Free wireless internet access<\/li>\n<li>Courtesy tray with kettle<\/li>\n<li>Flat Screen TV with a rich line-up of digital channels (general interest, thematic, foreign&#8230;) such as TF1, France 2, France 3, France 5, M6, Arte, C8, W9, TMC, TFX, LCP, France 4, CNews, CStar, Gulli, TF1 S\u00e9ries Films, L&#8217;Equipe, 6TER, RMC Story, RMC D\u00e9couverte, Ch\u00e9rie 25, LCI, BBC&#8230;<\/li>\n<li>Hair dryer, complimentary natural and organic toiletries<\/li>\n<li>Mountain atmosphere<\/li>\n<li>Animals not allowed<\/li>\n<li>Additionally, rooms in Hotel Carlina are equipped with heated towel rack and bathrobes<\/li>\n<\/ul>\n","protected":false},"excerpt":{"rendered":"<p>Non-smoking rooms Free wireless internet access Courtesy tray with kettle Flat Screen TV with a rich line-up of digital channels (general interest, thematic, foreign&#8230;) such as TF1, France 2, France 3, France 5, M6, Arte, C8, W9, TMC, TFX, LCP, France 4, CNews, CStar, Gulli, TF1 S\u00e9ries Films, L&#8217;Equipe, 6TER, RMC Story, RMC D\u00e9couverte, Ch\u00e9rie&#8230;<\/p>\n","protected":false},"author":1,"featured_media":0,"parent":0,"menu_order":23,"comment_status":"closed","ping_status":"closed","template":"template-page-equipements.php","meta":[],"_links":{"self":[{"href":"https:\/\/www.hotel-carlina.com\/en\/wp-json\/wp\/v2\/pages\/341"}],"collection":[{"href":"https:\/\/www.hotel-carlina.com\/en\/wp-json\/wp\/v2\/pages"}],"about":[{"href":"https:\/\/www.hotel-carlina.com\/en\/wp-json\/wp\/v2\/types\/page"}],"author":[{"embeddable":true,"href":"https:\/\/www.hotel-carlina.com\/en\/wp-json\/wp\/v2\/users\/1"}],"replies":[{"embeddable":true,"href":"https:\/\/www.hotel-carlina.com\/en\/wp-json\/wp\/v2\/comments?post=341"}],"version-history":[{"count":5,"href":"https:\/\/www.hotel-carlina.com\/en\/wp-json\/wp\/v2\/pages\/341\/revisions"}],"predecessor-version":[{"id":3367,"href":"https:\/\/www.hotel-carlina.com\/en\/wp-json\/wp\/v2\/pages\/341\/revisions\/3367"}],"wp:attachment":[{"href":"https:\/\/www.hotel-carlina.com\/en\/wp-json\/wp\/v2\/media?parent=341"}],"curies":[{"name":"wp","href":"https:\/\/api.w.org\/{rel}","templated":true}]}}